{"id":397,"date":"2022-11-22T08:35:50","date_gmt":"2022-11-22T06:35:50","guid":{"rendered":"https:\/\/lightintoeurope.cristianvieru.com\/?page_id=397"},"modified":"2022-11-22T08:46:57","modified_gmt":"2022-11-22T06:46:57","slug":"formal-training","status":"publish","type":"page","link":"https:\/\/lightintoeurope.ro\/ro\/formal-training\/","title":{"rendered":"Antrenamentul formal"},"content":{"rendered":"<p class=\"container\">Odat\u0103 ce intr\u0103 \u00een dresajul formal, avansat, la v\u00e2rsta de aproximativ 18 luni, \u00ee\u0219i p\u0103r\u0103sesc cresc\u0103torul de c\u0103\u021bei \u0219i se al\u0103tur\u0103 unui pensionar oficial voluntar care \u00eei va oferi c\u00e2inelui t\u00e2n\u0103r o cas\u0103 pentru urm\u0103toarele 8-10 luni. \u00cen aceast\u0103 perioad\u0103, c\u00e2inele merge la \u201e\u0219coal\u0103\u201d \u00een fiecare zi a s\u0103pt\u0103m\u00e2nii, cu un Instructor de C\u00e2ine Ghid care construie\u0219te \u00eencredere \u0219i o rela\u021bie puternic\u0103 \u0219i pozitiv\u0103 cu c\u00e2inele.<\/p>\n\n\n\n<p class=\"container\">Ei fac o serie de sesiuni de antrenament \u00een fiecare zi, relax\u00e2ndu-se \u00een biroul C\u00e2inelui Ghid, juc\u00e2ndu-se \u00een curtea de exerci\u021bii, mestec\u00e2nd juc\u0103rii sau dormind \u00eentre sesiunile de antrenament \u0219i plimb\u0103ri.<\/p>\n\n\n\n<p class=\"container\">\u00cen afara \u0219colii, c\u00e2inii se bucur\u0103 de joac\u0103, alergare liber\u0103 \u0219i juc\u0103rii, a\u0219a cum ar face orice alt c\u00e2ine de companie.<\/p>\n\n\n\n<h2 class=\"wp-block-heading\"><strong>Ce \u00eenva\u021b\u0103 c\u00e2inii ghid?<\/strong><\/h2>\n\n\n\n<p class=\"container\">\u00cen primele etape, acestea \u00eencep cu sarcini simple, cum ar fi:<\/p>\n\n\n\n<ul class=\"container wp-block-list\">\n<li>Obi\u0219nuirea cu mersul \u00een ham<\/li>\n\n\n\n<li>Mersul \u00een linie dreapt\u0103 f\u0103r\u0103 distrageri<\/li>\n\n\n\n<li>Mers pe partea st\u00e2ng\u0103 u\u0219or \u00eenaintea antrenorului<\/li>\n\n\n\n<li>Oprirea la toate bordurile<\/li>\n\n\n\n<li>Asteptarea unei comenzi \u00eenainte de a traversa drumurile<\/li>\n\n\n\n<li>Oprirea \u00een v\u00e2rful sc\u0103rilor \u0219i punerea labele din fa\u021b\u0103 pe treapta de jos<\/li>\n\n\n\n<li>\u00centins \u00een lini\u0219te o vreme, \u00een special la serviciu sau \u00een restaurante<\/li>\n<\/ul>\n\n\n\n<p class=\"container\">Trecerea la sarcini mai complexe \u0219i mai provocatoare, c\u00e2nd c\u00e2inele este preg\u0103tit. Aceasta poate include:<\/p>\n\n\n\n<ul class=\"container wp-block-list\">\n<li>Evitarea obstacolelor la \u00een\u0103l\u021bimea capului<\/li>\n\n\n\n<li>Evitarea spa\u021biilor prea \u00eenguste pentru ca o persoan\u0103 \u0219i un c\u00e2ine s\u0103 treac\u0103 unul l\u00e2ng\u0103 altul<\/li>\n\n\n\n<li>Imbarcare si deplasare cu toate formele de transport in comun<\/li>\n\n\n\n<li>Ducerea instructorului la un lift<\/li>\n\n\n\n<li>Refuzul comenzilor care \u00eel pot duce pe Instructor \u00een pericol (de exemplu, dac\u0103 Instructorul \u00eei comand\u0103 c\u00e2inelui s\u0103-l plimbe \u00eentr-o groap\u0103, c\u00e2inele ar trebui s\u0103 refuze s\u0103 mearg\u0103 \u00eenainte).<\/li>\n<\/ul>\n\n\n\n<figure class=\"wp-block-gallery has-nested-images columns-default is-cropped wp-block-gallery-1 is-layout-flex wp-block-gallery-is-layout-flex\">\n<figure class=\"wp-block-image size-large\"><img loading=\"lazy\" decoding=\"async\" width=\"1024\" height=\"576\" data-id=\"401\" src=\"https:\/\/lightintoeurope.cristianvieru.com\/wp-content\/uploads\/2022\/11\/20170630_110021-1024x576.jpg\" alt=\"\" class=\"wp-image-401\" srcset=\"https:\/\/lightintoeurope.ro\/wp-content\/uploads\/2022\/11\/20170630_110021-1024x576.jpg 1024w, https:\/\/lightintoeurope.ro\/wp-content\/uploads\/2022\/11\/20170630_110021-300x169.jpg 300w, https:\/\/lightintoeurope.ro\/wp-content\/uploads\/2022\/11\/20170630_110021-768x432.jpg 768w, https:\/\/lightintoeurope.ro\/wp-content\/uploads\/2022\/11\/20170630_110021-1536x864.jpg 1536w, https:\/\/lightintoeurope.ro\/wp-content\/uploads\/2022\/11\/20170630_110021-2048x1152.jpg 2048w, https:\/\/lightintoeurope.ro\/wp-content\/uploads\/2022\/11\/20170630_110021-18x10.jpg 18w\" sizes=\"auto, (max-width: 1024px) 100vw, 1024px\" \/><\/figure>\n\n\n\n<figure class=\"wp-block-image size-large\"><img loading=\"lazy\" decoding=\"async\" width=\"1024\" height=\"576\" data-id=\"402\" src=\"https:\/\/lightintoeurope.cristianvieru.com\/wp-content\/uploads\/2022\/11\/20170630_1107511-1024x576.jpg\" alt=\"\" class=\"wp-image-402\" srcset=\"https:\/\/lightintoeurope.ro\/wp-content\/uploads\/2022\/11\/20170630_1107511-1024x576.jpg 1024w, https:\/\/lightintoeurope.ro\/wp-content\/uploads\/2022\/11\/20170630_1107511-300x169.jpg 300w, https:\/\/lightintoeurope.ro\/wp-content\/uploads\/2022\/11\/20170630_1107511-768x432.jpg 768w, https:\/\/lightintoeurope.ro\/wp-content\/uploads\/2022\/11\/20170630_1107511-1536x864.jpg 1536w, https:\/\/lightintoeurope.ro\/wp-content\/uploads\/2022\/11\/20170630_1107511-2048x1152.jpg 2048w, https:\/\/lightintoeurope.ro\/wp-content\/uploads\/2022\/11\/20170630_1107511-18x10.jpg 18w\" sizes=\"auto, (max-width: 1024px) 100vw, 1024px\" \/><\/figure>\n\n\n\n<figure class=\"wp-block-image size-large\"><img loading=\"lazy\" decoding=\"async\" width=\"1024\" height=\"576\" data-id=\"398\" src=\"https:\/\/lightintoeurope.cristianvieru.com\/wp-content\/uploads\/2022\/11\/20171006_154759_012-1024x576.jpg\" alt=\"\" class=\"wp-image-398\" srcset=\"https:\/\/lightintoeurope.ro\/wp-content\/uploads\/2022\/11\/20171006_154759_012-1024x576.jpg 1024w, https:\/\/lightintoeurope.ro\/wp-content\/uploads\/2022\/11\/20171006_154759_012-300x169.jpg 300w, https:\/\/lightintoeurope.ro\/wp-content\/uploads\/2022\/11\/20171006_154759_012-768x432.jpg 768w, https:\/\/lightintoeurope.ro\/wp-content\/uploads\/2022\/11\/20171006_154759_012-1536x864.jpg 1536w, https:\/\/lightintoeurope.ro\/wp-content\/uploads\/2022\/11\/20171006_154759_012-2048x1152.jpg 2048w, https:\/\/lightintoeurope.ro\/wp-content\/uploads\/2022\/11\/20171006_154759_012-18x10.jpg 18w\" sizes=\"auto, (max-width: 1024px) 100vw, 1024px\" \/><\/figure>\n\n\n\n<figure class=\"wp-block-image size-large\"><img loading=\"lazy\" decoding=\"async\" width=\"1024\" height=\"576\" data-id=\"399\" src=\"https:\/\/lightintoeurope.cristianvieru.com\/wp-content\/uploads\/2022\/11\/20171006_154823_001-1024x576.jpg\" alt=\"\" class=\"wp-image-399\" srcset=\"https:\/\/lightintoeurope.ro\/wp-content\/uploads\/2022\/11\/20171006_154823_001-1024x576.jpg 1024w, https:\/\/lightintoeurope.ro\/wp-content\/uploads\/2022\/11\/20171006_154823_001-300x169.jpg 300w, https:\/\/lightintoeurope.ro\/wp-content\/uploads\/2022\/11\/20171006_154823_001-768x432.jpg 768w, https:\/\/lightintoeurope.ro\/wp-content\/uploads\/2022\/11\/20171006_154823_001-1536x864.jpg 1536w, https:\/\/lightintoeurope.ro\/wp-content\/uploads\/2022\/11\/20171006_154823_001-2048x1152.jpg 2048w, https:\/\/lightintoeurope.ro\/wp-content\/uploads\/2022\/11\/20171006_154823_001-18x10.jpg 18w\" sizes=\"auto, (max-width: 1024px) 100vw, 1024px\" \/><\/figure>\n\n\n\n<figure class=\"wp-block-image size-large\"><img loading=\"lazy\" decoding=\"async\" width=\"1024\" height=\"768\" data-id=\"400\" src=\"https:\/\/lightintoeurope.cristianvieru.com\/wp-content\/uploads\/2022\/11\/20171006_163440-1024x768.jpg\" alt=\"\" class=\"wp-image-400\" srcset=\"https:\/\/lightintoeurope.ro\/wp-content\/uploads\/2022\/11\/20171006_163440-1024x768.jpg 1024w, https:\/\/lightintoeurope.ro\/wp-content\/uploads\/2022\/11\/20171006_163440-300x225.jpg 300w, https:\/\/lightintoeurope.ro\/wp-content\/uploads\/2022\/11\/20171006_163440-768x576.jpg 768w, https:\/\/lightintoeurope.ro\/wp-content\/uploads\/2022\/11\/20171006_163440-1536x1152.jpg 1536w, https:\/\/lightintoeurope.ro\/wp-content\/uploads\/2022\/11\/20171006_163440-2048x1536.jpg 2048w, https:\/\/lightintoeurope.ro\/wp-content\/uploads\/2022\/11\/20171006_163440-16x12.jpg 16w\" sizes=\"auto, (max-width: 1024px) 100vw, 1024px\" \/><\/figure>\n\n\n\n<figure class=\"wp-block-image size-large\"><img loading=\"lazy\" decoding=\"async\" width=\"1024\" height=\"733\" data-id=\"403\" src=\"https:\/\/lightintoeurope.cristianvieru.com\/wp-content\/uploads\/2022\/11\/122429063_3592074154178214_4282421097601607532_n-1024x733.jpg\" alt=\"\" class=\"wp-image-403\" srcset=\"https:\/\/lightintoeurope.ro\/wp-content\/uploads\/2022\/11\/122429063_3592074154178214_4282421097601607532_n-1024x733.jpg 1024w, https:\/\/lightintoeurope.ro\/wp-content\/uploads\/2022\/11\/122429063_3592074154178214_4282421097601607532_n-300x215.jpg 300w, https:\/\/lightintoeurope.ro\/wp-content\/uploads\/2022\/11\/122429063_3592074154178214_4282421097601607532_n-768x550.jpg 768w, https:\/\/lightintoeurope.ro\/wp-content\/uploads\/2022\/11\/122429063_3592074154178214_4282421097601607532_n-1536x1100.jpg 1536w, https:\/\/lightintoeurope.ro\/wp-content\/uploads\/2022\/11\/122429063_3592074154178214_4282421097601607532_n-18x12.jpg 18w, https:\/\/lightintoeurope.ro\/wp-content\/uploads\/2022\/11\/122429063_3592074154178214_4282421097601607532_n.jpg 1672w\" sizes=\"auto, (max-width: 1024px) 100vw, 1024px\" \/><\/figure>\n\n\n\n<figure class=\"wp-block-image size-large\"><img loading=\"lazy\" decoding=\"async\" width=\"1024\" height=\"683\" data-id=\"404\" src=\"https:\/\/lightintoeurope.cristianvieru.com\/wp-content\/uploads\/2022\/11\/276147871_5175268032525477_3199050814066372827_n-1024x683.jpg\" alt=\"\" class=\"wp-image-404\" srcset=\"https:\/\/lightintoeurope.ro\/wp-content\/uploads\/2022\/11\/276147871_5175268032525477_3199050814066372827_n-1024x683.jpg 1024w, https:\/\/lightintoeurope.ro\/wp-content\/uploads\/2022\/11\/276147871_5175268032525477_3199050814066372827_n-300x200.jpg 300w, https:\/\/lightintoeurope.ro\/wp-content\/uploads\/2022\/11\/276147871_5175268032525477_3199050814066372827_n-768x512.jpg 768w, https:\/\/lightintoeurope.ro\/wp-content\/uploads\/2022\/11\/276147871_5175268032525477_3199050814066372827_n-1536x1024.jpg 1536w, https:\/\/lightintoeurope.ro\/wp-content\/uploads\/2022\/11\/276147871_5175268032525477_3199050814066372827_n-18x12.jpg 18w, https:\/\/lightintoeurope.ro\/wp-content\/uploads\/2022\/11\/276147871_5175268032525477_3199050814066372827_n.jpg 2048w\" sizes=\"auto, (max-width: 1024px) 100vw, 1024px\" \/><\/figure>\n<\/figure>","protected":false},"excerpt":{"rendered":"<p>Once they enter formal, advanced training, at around 18 months of age, they leave their puppy raiser and join a volunteer formal boarder who will provide the young dog a home for the next 8-10 months. During this period, the dog attends \u201cschool\u201d each week day, with one Guide Dog Instructor who builds trust and [&hellip;]<\/p>\n","protected":false},"author":1,"featured_media":403,"parent":0,"menu_order":0,"comment_status":"closed","ping_status":"closed","template":"","meta":{"footnotes":""},"class_list":["post-397","page","type-page","status-publish","has-post-thumbnail","hentry"],"_links":{"self":[{"href":"https:\/\/lightintoeurope.ro\/ro\/wp-json\/wp\/v2\/pages\/397","targetHints":{"allow":["GET"]}}],"collection":[{"href":"https:\/\/lightintoeurope.ro\/ro\/wp-json\/wp\/v2\/pages"}],"about":[{"href":"https:\/\/lightintoeurope.ro\/ro\/wp-json\/wp\/v2\/types\/page"}],"author":[{"embeddable":true,"href":"https:\/\/lightintoeurope.ro\/ro\/wp-json\/wp\/v2\/users\/1"}],"replies":[{"embeddable":true,"href":"https:\/\/lightintoeurope.ro\/ro\/wp-json\/wp\/v2\/comments?post=397"}],"version-history":[{"count":3,"href":"https:\/\/lightintoeurope.ro\/ro\/wp-json\/wp\/v2\/pages\/397\/revisions"}],"predecessor-version":[{"id":428,"href":"https:\/\/lightintoeurope.ro\/ro\/wp-json\/wp\/v2\/pages\/397\/revisions\/428"}],"wp:featuredmedia":[{"embeddable":true,"href":"https:\/\/lightintoeurope.ro\/ro\/wp-json\/wp\/v2\/media\/403"}],"wp:attachment":[{"href":"https:\/\/lightintoeurope.ro\/ro\/wp-json\/wp\/v2\/media?parent=397"}],"curies":[{"name":"wp","href":"https:\/\/api.w.org\/{rel}","templated":true}]}}