{"id":9,"date":"2022-09-24T20:21:39","date_gmt":"2022-09-24T17:21:39","guid":{"rendered":"https:\/\/lightintoeurope.ro\/?page_id=9"},"modified":"2023-02-27T21:37:09","modified_gmt":"2023-02-27T19:37:09","slug":"about","status":"publish","type":"page","link":"https:\/\/lightintoeurope.ro\/ro\/about\/","title":{"rendered":"Despre noi"},"content":{"rendered":"<section id=\"mission\">\n<div class=\"container flex column\">\n<h2><img decoding=\"async\" class=\"icon\" src=\"\/wp-content\/themes\/lightintoeurope\/assets\/icons\/paw.png\"> Misiunea noastra <img decoding=\"async\" class=\"icon\" src=\"\/wp-content\/themes\/lightintoeurope\/assets\/icons\/paw.png\"><\/h2>\n<hr>\n<p>\u00cemp\u0103rt\u0103\u0219im viziunea unei lumi \u00een care oamenii orbi \u0219i surzi din Rom\u00e2nia se bucur\u0103 de acelea\u0219i drepturi, oportunit\u0103\u021bi, responsabilit\u0103\u021bi, \u00eemplinire \u0219i calitate a vie\u021bii ca \u0219i colegii lor ap\u021bi.<\/p>\n<\/div>\n<\/section>\n<section id=\"objectives\">\n<div class=\"container flex column just-center align-center\">\n<h2><img decoding=\"async\" class=\"icon\" src=\"\/wp-content\/themes\/lightintoeurope\/assets\/icons\/paw.png\"> Obiectivele noastre <img decoding=\"async\" class=\"icon\" src=\"\/wp-content\/themes\/lightintoeurope\/assets\/icons\/paw.png\"><\/h2>\n<hr>\n<p>Ne propunem s\u0103 sprijinim rom\u00e2nii cu deficien\u021be de vedere sau de auz s\u0103-\u0219i \u00eembun\u0103t\u0103\u021beasc\u0103 via\u021ba, s\u0103-\u0219i extind\u0103 posibilit\u0103\u021bile \u0219i s\u0103 devin\u0103 membri activi \u0219i accepta\u021bi ai societ\u0103\u021bii rom\u00e2ne\u0219ti.<\/p>\n<p>We aim to achieve our Mission &amp; Objectives through:<\/p>\n<div class=\"objectives flex row just-center align-center\">\n<div class=\"objective radius flex align-center\">Schimbarea atitudinilor \u0219i comportamentului social fa\u021b\u0103 de persoanele nev\u0103z\u0103toare \u0219i surde<\/div>\n<div class=\"objective radius flex align-center\">Fiind un catalizator pentru incluziunea social\u0103 \u0219i profesional\u0103 a persoanelor nev\u0103z\u0103toare \u0219i surde<\/div>\n<div class=\"objective radius flex align-center\">\u00cencurajarea educa\u021biei, form\u0103rii \u0219i angaj\u0103rii mai bune a persoanelor nev\u0103z\u0103toare \u0219i surde \u00een Rom\u00e2nia.<\/div>\n<div class=\"objective radius flex align-center\">Oferirea de servicii de sprijin educa\u021bional \u0219colilor pentru deficien\u021be senzoriale \u0219i familiilor cu copii cu deficien\u021be senzoriale din centrul nostru de resurse<\/div>\n<div class=\"objective radius flex align-center\">Promovarea informa\u021biilor \u0219i echipamentelor accesibile<\/div>\n<div class=\"objective radius flex align-center\">Dezvoltarea de programe integrate de interven\u021bie timpurie \u0219i sprijin pentru ocuparea for\u021bei de munc\u0103<\/div>\n<\/div>\n<\/div>\n<\/section>\n<section id=\"values\">\n<div class=\"container flex column just-center align-center\">\n<h2><img decoding=\"async\" class=\"icon\" src=\"\/wp-content\/themes\/lightintoeurope\/assets\/icons\/paw.png\"> Valori <img decoding=\"async\" class=\"icon\" src=\"\/wp-content\/themes\/lightintoeurope\/assets\/icons\/paw.png\"><\/h2>\n<hr>\n<p>We aim to achieve our Mission &amp; Objectives by following our values<\/p>\n<div class=\"values flex row just-center align-center\">\n<div class=\"value radius flex align-center\">Respect \u0219i demnitate pentru individ<\/div>\n<div class=\"value radius flex align-center\">A face o diferen\u021b\u0103 pozitiv\u0103 pentru oameni<\/div>\n<div class=\"value radius flex align-center\">Participare \u0219i \u00eemputernicire<\/div>\n<div class=\"value radius flex align-center\">Viz\u00e2nd egalitatea<\/div>\n<\/div>\n<\/div>\n<\/section>\n<section id=\"history\">\n<div><img decoding=\"async\" class=\"top\" title=\"Light Into Europe\" src=\"\/wp-content\/themes\/lightintoeurope\/assets\/img\/top.png\" alt=\"Light Into Europe\"><\/div>\n<div class=\"red\">\n<div class=\"container flex column just-center align-center\">\n<h2><img decoding=\"async\" class=\"icon\" src=\"\/wp-content\/themes\/lightintoeurope\/assets\/icons\/paw-white.png\"> Istoria noastra <img decoding=\"async\" class=\"icon\" src=\"\/wp-content\/themes\/lightintoeurope\/assets\/icons\/paw-white.png\"><\/h2>\n<hr>\n<div class=\"flex column just-both align-center\">\n<p>Light into Europe este o organiza\u021bie de caritate britanic\u0103-rom\u00e2n\u0103 fondat\u0103 \u00een <b>1986<\/b> \u015fi care activeaz\u0103 \u00een Rom\u00e2nia din 1990. Din <b>1997 pana in 2003<\/b> Light into Europe a fost invitat de Ministerul S\u0103n\u0103t\u0103\u021bii s\u0103 fie singurul furnizor de servicii de ambulan\u021b\u0103 aerian\u0103, economisind <b>900 de vie\u021bi peste 4000 de ore de zbor<\/b>. In <b>2003<\/b>, serviciul de Ambulan\u021b\u0103 Aerian\u0103 a fost predat SMURD.<\/p>\n<p class=\"translation-block\">\u00cencep\u00e2nd cu <b>2003<\/b>, accentul <b>Light into Europe<\/b> s-a concentrat pe sprijinirea <b>persoanelor nev\u0103z\u0103toare \u0219i surde din Rom\u00e2nia<\/b> \u0219i pe dezvoltarea serviciilor care s\u0103 le sprijine pentru a putea tr\u0103ie\u0219te o via\u021b\u0103 independent\u0103 ca parte a comunitatii<\/p>\n<p class=\"translation-block\">\u00cen <b>2007<\/b> am deschis Centrul nostru de Resurse pentru Deficien\u021bi Senzoriali, care g\u0103zduie\u0219te Centrul pentru C\u00e2ini Ghid, Biblioteca Braille \u0219i produc\u021bia de c\u0103r\u021bi cu tip\u0103rituri mari, precum \u0219i atelierele noastre de educa\u021bie creativ\u0103.<\/p>\n<p class=\"translation-block\">\u00cen <b>2010<\/b> am antrenat cu succes \u0219i am egalat primul nostru C\u00e2ine Ghid pentru Nev\u0103z\u0103tori, Chloe, cu Gabi Nicolescu. De atunci am antrenat \u0219i extins programul pentru a sprijini mai multe persoane cu deficien\u021be de vedere din \u00eentreaga \u021bar\u0103 \u0219i, de asemenea, am oferit c\u00e2ini de asisten\u021b\u0103 copiilor cu autism \u0219i persoanelor cu epilepsie.<\/p>\n<\/div>\n<\/div>\n<\/div>\n<div><img decoding=\"async\" class=\"bottom\" title=\"Light Into Europe\" src=\"\/wp-content\/themes\/lightintoeurope\/assets\/img\/bottom.png\" alt=\"Light Into Europe\"><\/div>\n<\/section>\n<section id=\"board\">\n<div class=\"container flex column just-center align-center\">\n<h2><img decoding=\"async\" class=\"icon\" src=\"\/wp-content\/themes\/lightintoeurope\/assets\/icons\/paw.png\"> Board <img decoding=\"async\" class=\"icon\" src=\"\/wp-content\/themes\/lightintoeurope\/assets\/icons\/paw.png\"><\/h2>\n<hr>\n<p>Light into Europe este condus de un grup de profesioni\u0219ti cu \u00eenalt\u0103 calificare care aduc o bogat\u0103 experien\u021b\u0103, to\u021bi fiind lega\u021bi de angajamentul lor de a \u00eembun\u0103t\u0103\u021bi calitatea vie\u021bii persoanelor cu dizabilit\u0103\u021bi din Rom\u00e2nia \u0219i de a aduce o diferen\u021b\u0103 de durat\u0103 \u00een via\u021b\u0103. a copiilor \u0219i adul\u021bilor care tr\u0103iesc cu pierderi de vedere sau auz.<\/p>\n<div class=\"values flex row just-center align-center\">\n<div class=\"value board radius flex column just-center align-center\">HMA Andrew Noble, Patron<\/div>\n<div class=\"value board radius flex column just-center align-center\">Stan Platt, OBE, Chairman<\/div>\n<div class=\"value board radius flex column just-center align-center\">Lucian Mindruta, Board Member<\/div>\n<div class=\"value board radius flex column just-center align-center\">Mihai Andreescu, Board member<\/div>\n<div class=\"value board radius flex column just-center align-center\">Sean Dilley, Board member<\/div>\n<\/div>\n<div>Other members of the board<\/div>\n<div class=\"values flex row just-center align-center\">\n<div class=\"value oth-board radius flex column just-center align-center\">Georgiana Pogonaru<\/div>\n<div class=\"value oth-board radius flex column just-center align-center\">George Mucibabici<\/div>\n<div class=\"value oth-board radius flex column just-center align-center\">Roberto Musneci<\/div>\n<div class=\"value oth-board radius flex column just-center align-center\">Mihai Tudorancea<\/div>\n<div class=\"value oth-board radius flex column just-center align-center\">Iulian Zamfir<\/div>\n<div class=\"value oth-board radius flex column just-center align-center\">Neil McGregor<\/div>\n<\/div>\n<\/div>\n<\/section>\n<section id=\"team\">\n<div class=\"container flex column just-center align-center\">\n<h2><img decoding=\"async\" class=\"icon\" src=\"\/wp-content\/themes\/lightintoeurope\/assets\/icons\/paw.png\"> Echipa noastra <img decoding=\"async\" class=\"icon\" src=\"\/wp-content\/themes\/lightintoeurope\/assets\/icons\/paw.png\"><\/h2>\n<hr>\n<div class=\"teams flex row just-center align-center\">\n<div class=\"team radius flex column just-center align-center\"><img decoding=\"async\" class=\"team-img\" title=\"Team Member\" src=\"\/wp-content\/themes\/lightintoeurope\/assets\/img\/profile_pic.png\" alt=\"Team Member\"><\/p>\n<h6>Camelia Platt<\/h6>\n<div class=\"job-title\">Managing Director<\/div>\n<\/div>\n<div class=\"team radius flex column just-center align-center\"><img decoding=\"async\" class=\"team-img\" title=\"Team Member\" src=\"\/wp-content\/themes\/lightintoeurope\/assets\/img\/profile_pic.png\" alt=\"Team Member\"><\/p>\n<h6>Robert Bousie<\/h6>\n<div class=\"job-title\">Development Manager &#8211; Apprentice GDMI<\/div>\n<\/div>\n<div class=\"team radius flex column just-center align-center\"><img decoding=\"async\" class=\"team-img\" title=\"Team Member\" src=\"\/wp-content\/themes\/lightintoeurope\/assets\/img\/profile_pic.png\" alt=\"Team Member\"><\/p>\n<h6>Anca Vasile<\/h6>\n<div class=\"job-title\">Guide dogs programme co-ordinator<\/div>\n<\/div>\n<div class=\"team radius flex column just-center align-center\"><img decoding=\"async\" class=\"team-img\" title=\"Team Member\" src=\"\/wp-content\/themes\/lightintoeurope\/assets\/img\/profile_pic.png\" alt=\"Team Member\"><\/p>\n<h6>Nick Pastore<\/h6>\n<div class=\"job-title\">Guide Dogs Assistant<\/div>\n<\/div>\n<div class=\"team radius flex column just-center align-center\"><img decoding=\"async\" class=\"team-img\" title=\"Team Member\" src=\"\/wp-content\/themes\/lightintoeurope\/assets\/img\/profile_pic.png\" alt=\"Team Member\"><\/p>\n<h6>Raluca Dumitru<\/h6>\n<div class=\"job-title\">Guide Dogs Assistant<\/div>\n<\/div>\n<div class=\"team radius flex column just-center align-center\"><img decoding=\"async\" class=\"team-img\" title=\"Team Member\" src=\"\/wp-content\/themes\/lightintoeurope\/assets\/img\/profile_pic.png\" alt=\"Team Member\"><\/p>\n<h6>Mihaela Pavel<\/h6>\n<div class=\"job-title\">Admin Assistant<\/div>\n<\/div>\n<div class=\"team radius flex column just-center align-center\"><img decoding=\"async\" class=\"team-img\" title=\"Team Member\" src=\"\/wp-content\/themes\/lightintoeurope\/assets\/img\/profile_pic.png\" alt=\"Team Member\"><\/p>\n<h6>Alex Ionescu<\/h6>\n<div class=\"job-title\">Designer<\/div>\n<\/div>\n<div class=\"team radius flex column just-center align-center\"><img decoding=\"async\" class=\"team-img\" title=\"Team Member\" src=\"\/wp-content\/themes\/lightintoeurope\/assets\/img\/profile_pic.png\" alt=\"Team Member\"><\/p>\n<h6>Prof Florea Barbu<\/h6>\n<div class=\"job-title\">Sign Language programme co-ordinator<\/div>\n<\/div>\n<div class=\"team radius flex column just-center align-center\"><img decoding=\"async\" class=\"team-img\" title=\"Team Member\" src=\"\/wp-content\/themes\/lightintoeurope\/assets\/img\/profile_pic.png\" alt=\"Team Member\"><\/p>\n<h6>Anastasiia Strelkova<\/h6>\n<div class=\"job-title\">Admin Assistant\/Ukraine Support<\/div>\n<\/div>\n<\/div>\n<\/div>\n<\/section>\n<section id=\"sponsors\">\n<div class=\"container flex column just-center align-center\">\n<h2><img decoding=\"async\" class=\"icon\" src=\"\/wp-content\/themes\/lightintoeurope\/assets\/icons\/paw.png\"> Mul\u021bumim mult sponsorilor no\u0219tri <img decoding=\"async\" class=\"icon\" src=\"\/wp-content\/themes\/lightintoeurope\/assets\/icons\/paw.png\"><\/h2>\n<hr>\n<div class=\"sp-slider\">\n<div class=\"sp-slide-track\">\n<div class=\"sp-slide\"><a href=\"\/ro\/\" target=\"_blank\" rel=\"noreferrer noopener\"><img decoding=\"async\" title=\"Light Into Europe Sponsor\" src=\"\/wp-content\/themes\/lightintoeurope\/assets\/img\/Sponsors\/300x300px.jpg\" alt=\"Light Into Europe Sponsor\"><\/a><\/div>\n<div class=\"sp-slide\"><a href=\"\/ro\/\" target=\"_blank\" rel=\"noreferrer noopener\"><img decoding=\"async\" title=\"Light Into Europe Sponsor\" src=\"\/wp-content\/themes\/lightintoeurope\/assets\/img\/Sponsors\/300x300px10.jpg\" alt=\"Light Into Europe Sponsor\"><\/a><\/div>\n<div class=\"sp-slide\"><a href=\"\/ro\/\" target=\"_blank\" rel=\"noreferrer noopener\"><img decoding=\"async\" title=\"Light Into Europe Sponsor\" src=\"\/wp-content\/themes\/lightintoeurope\/assets\/img\/Sponsors\/300x300px11.jpg\" alt=\"Light Into Europe Sponsor\"><\/a><\/div>\n<div class=\"sp-slide\"><a href=\"\/ro\/\" target=\"_blank\" rel=\"noreferrer noopener\"><img decoding=\"async\" title=\"Light Into Europe Sponsor\" src=\"\/wp-content\/themes\/lightintoeurope\/assets\/img\/Sponsors\/300x300px2.jpg\" alt=\"Light Into Europe Sponsor\"><\/a><\/div>\n<div class=\"sp-slide\"><a href=\"\/ro\/\" target=\"_blank\" rel=\"noreferrer noopener\"><img decoding=\"async\" title=\"Light Into Europe Sponsor\" src=\"\/wp-content\/themes\/lightintoeurope\/assets\/img\/Sponsors\/300x300px3.jpg\" alt=\"Light Into Europe Sponsor\"><\/a><\/div>\n<div class=\"sp-slide\"><a href=\"\/ro\/\" target=\"_blank\" rel=\"noreferrer noopener\"><img decoding=\"async\" title=\"Light Into Europe Sponsor\" src=\"\/wp-content\/themes\/lightintoeurope\/assets\/img\/Sponsors\/300x300px4.jpg\" alt=\"Light Into Europe Sponsor\"><\/a><\/div>\n<div class=\"sp-slide\"><a href=\"\/ro\/\" target=\"_blank\" rel=\"noreferrer noopener\"><img decoding=\"async\" title=\"Light Into Europe Sponsor\" src=\"\/wp-content\/themes\/lightintoeurope\/assets\/img\/Sponsors\/300x300px5.jpg\" alt=\"Light Into Europe Sponsor\"><\/a><\/div>\n<div class=\"sp-slide\"><a href=\"\/ro\/\" target=\"_blank\" rel=\"noreferrer noopener\"><img decoding=\"async\" title=\"Light Into Europe Sponsor\" src=\"\/wp-content\/themes\/lightintoeurope\/assets\/img\/Sponsors\/300x300px6.jpg\" alt=\"Light Into Europe Sponsor\"><\/a><\/div>\n<div class=\"sp-slide\"><a href=\"\/ro\/\" target=\"_blank\" rel=\"noreferrer noopener\"><img decoding=\"async\" title=\"Light Into Europe Sponsor\" src=\"\/wp-content\/themes\/lightintoeurope\/assets\/img\/Sponsors\/300x300px7.jpg\" alt=\"Light Into Europe Sponsor\"><\/a><\/div>\n<div class=\"sp-slide\"><a href=\"\/ro\/\" target=\"_blank\" rel=\"noreferrer noopener\"><img decoding=\"async\" title=\"Light Into Europe Sponsor\" src=\"\/wp-content\/themes\/lightintoeurope\/assets\/img\/Sponsors\/300x300px8.jpg\" alt=\"Light Into Europe Sponsor\"><\/a><\/div>\n<div class=\"sp-slide\"><a href=\"\/ro\/\" target=\"_blank\" rel=\"noreferrer noopener\"><img decoding=\"async\" title=\"Light Into Europe Sponsor\" src=\"\/wp-content\/themes\/lightintoeurope\/assets\/img\/Sponsors\/300x300px9.jpg\" alt=\"Light Into Europe Sponsor\"><\/a><\/div>\n<div class=\"sp-slide\"><a href=\"\/ro\/\" target=\"_blank\" rel=\"noreferrer noopener\"><img decoding=\"async\" title=\"Light Into Europe Sponsor\" src=\"\/wp-content\/themes\/lightintoeurope\/assets\/img\/Sponsors\/abrc-web-logo.jpg\" alt=\"Light Into Europe Sponsor\"><\/a><\/div>\n<div class=\"sp-slide\"><a href=\"\/ro\/\" target=\"_blank\" rel=\"noreferrer noopener\"><img decoding=\"async\" title=\"Light Into Europe Sponsor\" src=\"\/wp-content\/themes\/lightintoeurope\/assets\/img\/Sponsors\/Altius.jpg\" alt=\"Light Into Europe Sponsor\"><\/a><\/div>\n<div class=\"sp-slide\"><a href=\"\/ro\/\" target=\"_blank\" rel=\"noreferrer noopener\"><img decoding=\"async\" title=\"Light Into Europe Sponsor\" src=\"\/wp-content\/themes\/lightintoeurope\/assets\/img\/Sponsors\/Bliss.jpg\" alt=\"Light Into Europe Sponsor\"><\/a><\/div>\n<div class=\"sp-slide\"><a href=\"\/ro\/\" target=\"_blank\" rel=\"noreferrer noopener\"><img decoding=\"async\" title=\"Light Into Europe Sponsor\" src=\"\/wp-content\/themes\/lightintoeurope\/assets\/img\/Sponsors\/BlueAir.jpg\" alt=\"Light Into Europe Sponsor\"><\/a><\/div>\n<div class=\"sp-slide\"><a href=\"\/ro\/\" target=\"_blank\" rel=\"noreferrer noopener\"><img decoding=\"async\" title=\"Light Into Europe Sponsor\" src=\"\/wp-content\/themes\/lightintoeurope\/assets\/img\/Sponsors\/Borsec.jpg\" alt=\"Light Into Europe Sponsor\"><\/a><\/div>\n<div class=\"sp-slide\"><a href=\"\/ro\/\" target=\"_blank\" rel=\"noreferrer noopener\"><img decoding=\"async\" title=\"Light Into Europe Sponsor\" src=\"\/wp-content\/themes\/lightintoeurope\/assets\/img\/Sponsors\/BritishEmbassy.jpg\" alt=\"Light Into Europe Sponsor\"><\/a><\/div>\n<div class=\"sp-slide\"><a href=\"\/ro\/\" target=\"_blank\" rel=\"noreferrer noopener\"><img decoding=\"async\" title=\"Light Into Europe Sponsor\" src=\"\/wp-content\/themes\/lightintoeurope\/assets\/img\/Sponsors\/BusinessLease.jpg\" alt=\"Light Into Europe Sponsor\"><\/a><\/div>\n<div class=\"sp-slide\"><a href=\"\/ro\/\" target=\"_blank\" rel=\"noreferrer noopener\"><img decoding=\"async\" title=\"Light Into Europe Sponsor\" src=\"\/wp-content\/themes\/lightintoeurope\/assets\/img\/Sponsors\/Catena.jpg\" alt=\"Light Into Europe Sponsor\"><\/a><\/div>\n<\/div>\n<\/div>\n<\/div>\n<\/section>","protected":false},"excerpt":{"rendered":"<p>Our mission We share the vision of a world in which blind and deaf people in Romania enjoy the same rights, opportunities, responsibilities, fulfilment and quality of life as their able-bodied peers. Our objectives We aim to support Romanian people with a visual or hearing impairment to improve their lives, to expand their possibilities and [&hellip;]<\/p>\n","protected":false},"author":1,"featured_media":0,"parent":0,"menu_order":0,"comment_status":"closed","ping_status":"closed","template":"","meta":{"footnotes":""},"class_list":["post-9","page","type-page","status-publish","hentry"],"_links":{"self":[{"href":"https:\/\/lightintoeurope.ro\/ro\/wp-json\/wp\/v2\/pages\/9","targetHints":{"allow":["GET"]}}],"collection":[{"href":"https:\/\/lightintoeurope.ro\/ro\/wp-json\/wp\/v2\/pages"}],"about":[{"href":"https:\/\/lightintoeurope.ro\/ro\/wp-json\/wp\/v2\/types\/page"}],"author":[{"embeddable":true,"href":"https:\/\/lightintoeurope.ro\/ro\/wp-json\/wp\/v2\/users\/1"}],"replies":[{"embeddable":true,"href":"https:\/\/lightintoeurope.ro\/ro\/wp-json\/wp\/v2\/comments?post=9"}],"version-history":[{"count":7,"href":"https:\/\/lightintoeurope.ro\/ro\/wp-json\/wp\/v2\/pages\/9\/revisions"}],"predecessor-version":[{"id":568,"href":"https:\/\/lightintoeurope.ro\/ro\/wp-json\/wp\/v2\/pages\/9\/revisions\/568"}],"wp:attachment":[{"href":"https:\/\/lightintoeurope.ro\/ro\/wp-json\/wp\/v2\/media?parent=9"}],"curies":[{"name":"wp","href":"https:\/\/api.w.org\/{rel}","templated":true}]}}